{"id":1373,"date":"2025-02-09T17:43:05","date_gmt":"2025-02-09T17:43:05","guid":{"rendered":"https:\/\/greenyellow-wolf-371483.hostingersite.com\/?page_id=1373"},"modified":"2025-08-25T20:22:04","modified_gmt":"2025-08-25T20:22:04","slug":"o-isla","status":"publish","type":"page","link":"https:\/\/greenyellow-wolf-371483.hostingersite.com\/en\/o-isla\/","title":{"rendered":"O Isl\u00e3"},"content":{"rendered":"\t\t<div data-elementor-type=\"wp-page\" data-elementor-id=\"1373\" class=\"elementor elementor-1373\">\n\t\t\t\t<div class=\"elementor-element elementor-element-626cc92f e-flex e-con-boxed e-con e-parent\" data-id=\"626cc92f\" data-element_type=\"container\" data-e-type=\"container\" data-settings=\"{&quot;background_background&quot;:&quot;classic&quot;}\">\n\t\t\t\t\t<div class=\"e-con-inner\">\n\t\t\t\t<div class=\"elementor-element elementor-element-6588eee3 elementor-widget elementor-widget-heading\" data-id=\"6588eee3\" data-element_type=\"widget\" data-e-type=\"widget\" data-widget_type=\"heading.default\">\n\t\t\t\t<div class=\"elementor-widget-container\">\n\t\t\t\t\t<h2 class=\"elementor-heading-title elementor-size-default\">Religion<\/h2>\t\t\t\t<\/div>\n\t\t\t\t<\/div>\n\t\t\t\t\t<\/div>\n\t\t\t\t<\/div>\n\t\t<div class=\"elementor-element elementor-element-68f6ea4 e-flex e-con-boxed e-con e-parent\" data-id=\"68f6ea4\" data-element_type=\"container\" data-e-type=\"container\">\n\t\t\t\t\t<div class=\"e-con-inner\">\n\t\t\t\t<div class=\"elementor-element elementor-element-e633ad6 elementor-widget elementor-widget-text-editor\" data-id=\"e633ad6\" data-element_type=\"widget\" data-e-type=\"widget\" data-widget_type=\"text-editor.default\">\n\t\t\t\t<div class=\"elementor-widget-container\">\n\t\t\t\t\t\t\t\t\t<p style=\"text-align: justify;\"><span style=\"color: #000000;\">\u00a0 \u00a0 \u00a0 \u00a0 \u00a0 \u00a0<\/span><\/p><p style=\"text-align: justify;\"><span style=\"color: #000000;\">\u00a0 \u00a0 \u00a0 \u00a0 <\/span><\/p><p style=\"text-align: justify;\"><span style=\"color: #000000;\">\u00a0 \u00a0 \u00a0 \u00a0 \u00a0 \u00a0A Ar\u00e1bia Saudita ocupa um lugar singular e central no mundo isl\u00e2mico. Como ber\u00e7o do Isl\u00e3 e guardi\u00e3 de seus dois locais mais sagrados \u2013 Meca e Medina \u2013, o Reino possui uma profunda identidade isl\u00e2mica que molda sua cultura, sociedade e institui\u00e7\u00f5es. Ao mesmo tempo, sob a \u00e9gide da Vis\u00e3o 2030, o pa\u00eds embarcou em uma jornada de moderniza\u00e7\u00e3o e abertura, buscando equilibrar sua heran\u00e7a religiosa com as demandas do s\u00e9culo XXI.<\/span><\/p><p style=\"text-align: justify;\"><strong><span style=\"color: #000000;\">A Centralidade do Isl\u00e3<\/span><\/strong><\/p><p style=\"text-align: justify;\"><span style=\"color: #000000;\">\u00a0 O Isl\u00e3, uma das maiores religi\u00f5es monote\u00edstas do mundo com mais de 1.9 bilh\u00e3o de seguidores, permeia todos os aspectos da vida na Ar\u00e1bia Saudita. A Constitui\u00e7\u00e3o do pa\u00eds \u00e9 baseada no Alcor\u00e3o e na Sunnah (tradi\u00e7\u00f5es do Profeta Muhammad), e a Sharia (lei isl\u00e2mica) informa o sistema jur\u00eddico.<\/span><\/p><p style=\"text-align: justify;\"><span style=\"color: #000000;\">\u00a0 Ber\u00e7o do Isl\u00e3: O Isl\u00e3 nasceu na Pen\u00ednsula Ar\u00e1bica no s\u00e9culo VII, com a revela\u00e7\u00e3o do Alcor\u00e3o ao Profeta Muhammad em Meca. Medina tornou-se o centro do primeiro estado isl\u00e2mico.<\/span><\/p><p style=\"text-align: justify;\"><span style=\"color: #000000;\">\u00a0 \u00a0Guardi\u00e3 dos Locais Sagrados: Meca, com a Ka&#8217;abah na Grande Mesquita (Masjid al-Haram), e Medina, com a Mesquita do Profeta (Masjid an-Nabawi), s\u00e3o os dois locais mais sagrados do Isl\u00e3.<\/span><\/p><p style=\"text-align: justify;\"><span style=\"color: #000000;\">\u00a0 Pilares do Isl\u00e3: A pr\u00e1tica religiosa \u00e9 vis\u00edvel no cotidiano, seguindo os cinco pilares: Shahada (profiss\u00e3o de f\u00e9), Salat (cinco ora\u00e7\u00f5es di\u00e1rias), Zakat (caridade obrigat\u00f3ria), Sawm (jejum durante o Ramad\u00e3) e Hajj (peregrina\u00e7\u00e3o a Meca).<\/span><\/p><p style=\"text-align: justify;\"><strong><span style=\"color: #000000;\">Hajj e Umrah: Servindo Milh\u00f5es de Peregrinos<\/span><\/strong><\/p><p style=\"text-align: justify;\"><span style=\"color: #000000;\">\u00a0 A Ar\u00e1bia Saudita dedica imensos recursos para receber e servir milh\u00f5es de mu\u00e7ulmanos que realizam as peregrina\u00e7\u00f5es Hajj e Umrah anualmente. Este \u00e9 um dever religioso fundamental e um pilar central da identidade e responsabilidade do Reino.<\/span><\/p><p style=\"text-align: justify;\"><span style=\"color: #000000;\">\u00a0 Import\u00e2ncia Espiritual e Econ\u00f4mica: As peregrina\u00e7\u00f5es s\u00e3o de enorme import\u00e2ncia espiritual e tamb\u00e9m representam um setor econ\u00f4mico vital, gerando receitas significativas (estimadas em US$ 12 bilh\u00f5es anuais apenas para o Hajj).<\/span><\/p><p style=\"text-align: justify;\"><span style=\"color: #000000;\">\u00a0 \u00a0 N\u00fameros Crescentes: O Reino tem investido maci\u00e7amente em infraestrutura e log\u00edstica para acomodar um n\u00famero crescente de peregrinos. Em 2024, o Hajj atraiu 1.83 milh\u00e3o de peregrinos (1.61 milh\u00e3o do exterior). No mesmo ano, um recorde de 16.92 milh\u00f5es de peregrinos estrangeiros realizaram a Umrah, superando as metas estabelecidas.<\/span><\/p><p style=\"text-align: justify;\"><span style=\"color: #000000;\">\u00a0 \u00a0 \u00a0Programa de Experi\u00eancia do Peregrino (Vision 2030): Este programa visa enriquecer a jornada religiosa e cultural dos peregrinos, melhorando servi\u00e7os, infraestrutura (incluindo transporte e acomoda\u00e7\u00e3o) e utilizando tecnologia para facilitar a experi\u00eancia.<\/span><\/p><p style=\"text-align: justify;\"><strong><span style=\"color: #000000;\">Equil\u00edbrio entre Tradi\u00e7\u00e3o e Moderniza\u00e7\u00e3o (Vis\u00e3o 2030)<\/span><\/strong><\/p><p style=\"text-align: justify;\"><span style=\"color: #000000;\">\u00a0 A Vis\u00e3o 2030 reconhece o Isl\u00e3 como um componente essencial da identidade nacional, ao mesmo tempo que promove reformas para criar uma sociedade vibrante e uma economia diversificada.<\/span><\/p><p style=\"text-align: justify;\"><span style=\"color: #000000;\">\u00a0 \u00a0Promo\u00e7\u00e3o do Isl\u00e3 Moderado: A lideran\u00e7a saudita tem enfatizado um retorno a um Isl\u00e3<\/span><span style=\"color: #000000;\">\u00a0 moderado e tolerante, aberto ao mundo e \u00e0s diferentes culturas, rejeitando o extremismo. Isso se reflete em reformas sociais, como a amplia\u00e7\u00e3o dos direitos das mulheres e a redu\u00e7\u00e3o da influ\u00eancia da pol\u00edcia religiosa.<\/span><\/p><p style=\"text-align: justify;\"><span style=\"color: #000000;\">\u00a0 \u00a0<strong>Reformas Sociais e Legais:<\/strong> Embora a Sharia permane\u00e7a central, o Reino tem implementado reformas significativas em \u00e1reas como o c\u00f3digo de status pessoal, buscando modernizar a legisla\u00e7\u00e3o e alinh\u00e1-la com as pr\u00e1ticas internacionais, sempre dentro de um quadro isl\u00e2mico.<\/span><\/p><p style=\"text-align: justify;\"><span style=\"color: #000000;\"><strong>\u00a0 \u00a0 Di\u00e1logo Inter-religioso:<\/strong> A Ar\u00e1bia Saudita tem promovido ativamente o di\u00e1logo e a compreens\u00e3o entre diferentes religi\u00f5es e culturas.<\/span><\/p><p style=\"text-align: justify;\"><strong><em><span style=\"color: #000000;\">\u00a0 \u00a0 \u00a0 \u00a0O Isl\u00e3 \u00e9 a base da identidade nacional, das institui\u00e7\u00f5es e da vida cotidiana na Ar\u00e1bia Saudita. O Reino enfrenta o desafio cont\u00ednuo de preservar seus valores religiosos fundamentais enquanto implementa as reformas ambiciosas da Vision 2030 para se alinhar ao mundo contempor\u00e2neo. Nesse delicado equil\u00edbrio entre tradi\u00e7\u00e3o e modernidade, a Ar\u00e1bia Saudita busca reafirmar seu papel como um centro vital do mundo isl\u00e2mico e um l\u00edder respons\u00e1vel no cen\u00e1rio global do s\u00e9culo XXI, servindo como guardi\u00e3 dos locais sagrados e promovendo uma mensagem de paz e toler\u00e2ncia<\/span><\/em><\/strong><\/p>\t\t\t\t\t\t\t\t<\/div>\n\t\t\t\t<\/div>\n\t\t\t\t\t<\/div>\n\t\t\t\t<\/div>\n\t\t\t\t<\/div>\n\t\t","protected":false},"excerpt":{"rendered":"<p>Religion \u00a0 \u00a0 \u00a0 \u00a0 \u00a0 \u00a0 \u00a0 \u00a0 \u00a0 \u00a0 \u00a0 \u00a0 \u00a0 \u00a0 \u00a0 \u00a0A Ar\u00e1bia Saudita ocupa [&hellip;]<\/p>\n","protected":false},"author":1,"featured_media":0,"parent":0,"menu_order":0,"comment_status":"closed","ping_status":"closed","template":"elementor_canvas","meta":{"site-sidebar-layout":"no-sidebar","site-content-layout":"","ast-site-content-layout":"full-width-container","site-content-style":"default","site-sidebar-style":"default","ast-global-header-display":"","ast-banner-title-visibility":"","ast-main-header-display":"","ast-hfb-above-header-display":"","ast-hfb-below-header-display":"","ast-hfb-mobile-header-display":"","site-post-title":"disabled","ast-breadcrumbs-content":"","ast-featured-img":"disabled","footer-sml-layout":"","ast-disable-related-posts":"","theme-transparent-header-meta":"default","adv-header-id-meta":"","stick-header-meta":"","header-above-stick-meta":"","header-main-stick-meta":"","header-below-stick-meta":"","astra-migrate-meta-layouts":"set","ast-page-background-enabled":"default","ast-page-background-meta":{"desktop":{"background-color":"var(--ast-global-color-4)","background-image":"","background-repeat":"repeat","background-position":"center center","background-size":"auto","background-attachment":"scroll","background-type":"","background-media":"","overlay-type":"","overlay-color":"","overlay-opacity":"","overlay-gradient":""},"tablet":{"background-color":"","background-image":"","background-repeat":"repeat","background-position":"center center","background-size":"auto","background-attachment":"scroll","background-type":"","background-media":"","overlay-type":"","overlay-color":"","overlay-opacity":"","overlay-gradient":""},"mobile":{"background-color":"","background-image":"","background-repeat":"repeat","background-position":"center center","background-size":"auto","background-attachment":"scroll","background-type":"","background-media":"","overlay-type":"","overlay-color":"","overlay-opacity":"","overlay-gradient":""}},"ast-content-background-meta":{"desktop":{"background-color":"var(--ast-global-color-5)","background-image":"","background-repeat":"repeat","background-position":"center center","background-size":"auto","background-attachment":"scroll","background-type":"","background-media":"","overlay-type":"","overlay-color":"","overlay-opacity":"","overlay-gradient":""},"tablet":{"background-color":"var(--ast-global-color-5)","background-image":"","background-repeat":"repeat","background-position":"center center","background-size":"auto","background-attachment":"scroll","background-type":"","background-media":"","overlay-type":"","overlay-color":"","overlay-opacity":"","overlay-gradient":""},"mobile":{"background-color":"var(--ast-global-color-5)","background-image":"","background-repeat":"repeat","background-position":"center center","background-size":"auto","background-attachment":"scroll","background-type":"","background-media":"","overlay-type":"","overlay-color":"","overlay-opacity":"","overlay-gradient":""}},"footnotes":""},"class_list":["post-1373","page","type-page","status-publish","hentry"],"yoast_head":"<!-- This site is optimized with the Yoast SEO plugin v27.4 - https:\/\/yoast.com\/product\/yoast-seo-wordpress\/ -->\n<title>O Isl\u00e3 - CICIBAS<\/title>\n<meta name=\"robots\" content=\"index, follow, max-snippet:-1, max-image-preview:large, max-video-preview:-1\" \/>\n<link rel=\"canonical\" href=\"https:\/\/greenyellow-wolf-371483.hostingersite.com\/en\/o-isla\/\" \/>\n<meta property=\"og:locale\" content=\"en_US\" \/>\n<meta property=\"og:type\" content=\"article\" \/>\n<meta property=\"og:title\" content=\"O Isl\u00e3 - CICIBAS\" \/>\n<meta property=\"og:description\" content=\"Religion \u00a0 \u00a0 \u00a0 \u00a0 \u00a0 \u00a0 \u00a0 \u00a0 \u00a0 \u00a0 \u00a0 \u00a0 \u00a0 \u00a0 \u00a0 \u00a0A Ar\u00e1bia Saudita ocupa [&hellip;]\" \/>\n<meta property=\"og:url\" content=\"https:\/\/greenyellow-wolf-371483.hostingersite.com\/en\/o-isla\/\" \/>\n<meta property=\"og:site_name\" content=\"CICIBAS\" \/>\n<meta property=\"article:modified_time\" content=\"2025-08-25T20:22:04+00:00\" \/>\n<meta name=\"twitter:card\" content=\"summary_large_image\" \/>\n<meta name=\"twitter:label1\" content=\"Est. reading time\" \/>\n\t<meta name=\"twitter:data1\" content=\"3 minutes\" \/>\n<script type=\"application\/ld+json\" class=\"yoast-schema-graph\">{\"@context\":\"https:\\\/\\\/schema.org\",\"@graph\":[{\"@type\":\"WebPage\",\"@id\":\"https:\\\/\\\/greenyellow-wolf-371483.hostingersite.com\\\/en\\\/o-isla\\\/\",\"url\":\"https:\\\/\\\/greenyellow-wolf-371483.hostingersite.com\\\/en\\\/o-isla\\\/\",\"name\":\"O Isl\u00e3 - CICIBAS\",\"isPartOf\":{\"@id\":\"https:\\\/\\\/greenyellow-wolf-371483.hostingersite.com\\\/en\\\/#website\"},\"datePublished\":\"2025-02-09T17:43:05+00:00\",\"dateModified\":\"2025-08-25T20:22:04+00:00\",\"breadcrumb\":{\"@id\":\"https:\\\/\\\/greenyellow-wolf-371483.hostingersite.com\\\/en\\\/o-isla\\\/#breadcrumb\"},\"inLanguage\":\"en-US\",\"potentialAction\":[{\"@type\":\"ReadAction\",\"target\":[\"https:\\\/\\\/greenyellow-wolf-371483.hostingersite.com\\\/en\\\/o-isla\\\/\"]}]},{\"@type\":\"BreadcrumbList\",\"@id\":\"https:\\\/\\\/greenyellow-wolf-371483.hostingersite.com\\\/en\\\/o-isla\\\/#breadcrumb\",\"itemListElement\":[{\"@type\":\"ListItem\",\"position\":1,\"name\":\"Home\",\"item\":\"https:\\\/\\\/greenyellow-wolf-371483.hostingersite.com\\\/en\\\/\"},{\"@type\":\"ListItem\",\"position\":2,\"name\":\"O Isl\u00e3\"}]},{\"@type\":\"WebSite\",\"@id\":\"https:\\\/\\\/greenyellow-wolf-371483.hostingersite.com\\\/en\\\/#website\",\"url\":\"https:\\\/\\\/greenyellow-wolf-371483.hostingersite.com\\\/en\\\/\",\"name\":\"CICIBAS - Centro de Investimento Com\u00e9rcio e Industria Brasil - Ar\u00e1bia Saudita\",\"description\":\"\",\"publisher\":{\"@id\":\"https:\\\/\\\/greenyellow-wolf-371483.hostingersite.com\\\/en\\\/#organization\"},\"potentialAction\":[{\"@type\":\"SearchAction\",\"target\":{\"@type\":\"EntryPoint\",\"urlTemplate\":\"https:\\\/\\\/greenyellow-wolf-371483.hostingersite.com\\\/en\\\/?s={search_term_string}\"},\"query-input\":{\"@type\":\"PropertyValueSpecification\",\"valueRequired\":true,\"valueName\":\"search_term_string\"}}],\"inLanguage\":\"en-US\"},{\"@type\":\"Organization\",\"@id\":\"https:\\\/\\\/greenyellow-wolf-371483.hostingersite.com\\\/en\\\/#organization\",\"name\":\"CICIBAS - Centro de Investimento Com\u00e9rcio e Industria Brasil - Ar\u00e1bia Saudita\",\"url\":\"https:\\\/\\\/greenyellow-wolf-371483.hostingersite.com\\\/en\\\/\",\"logo\":{\"@type\":\"ImageObject\",\"inLanguage\":\"en-US\",\"@id\":\"https:\\\/\\\/greenyellow-wolf-371483.hostingersite.com\\\/en\\\/#\\\/schema\\\/logo\\\/image\\\/\",\"url\":\"https:\\\/\\\/greenyellow-wolf-371483.hostingersite.com\\\/wp-content\\\/uploads\\\/2025\\\/06\\\/Logo-1-final-no-background-2.png\",\"contentUrl\":\"https:\\\/\\\/greenyellow-wolf-371483.hostingersite.com\\\/wp-content\\\/uploads\\\/2025\\\/06\\\/Logo-1-final-no-background-2.png\",\"width\":300,\"height\":325,\"caption\":\"CICIBAS - Centro de Investimento Com\u00e9rcio e Industria Brasil - Ar\u00e1bia Saudita\"},\"image\":{\"@id\":\"https:\\\/\\\/greenyellow-wolf-371483.hostingersite.com\\\/en\\\/#\\\/schema\\\/logo\\\/image\\\/\"},\"sameAs\":[\"https:\\\/\\\/instagram.com\\\/@cicibas_br\",\"https:\\\/\\\/www.linkedin.com\\\/company\\\/cicibas---centro-de-investimento-comrcio-e-industria-brasil---arbia-saudita\"]}]}<\/script>\n<!-- \/ Yoast SEO plugin. -->","yoast_head_json":{"title":"O Isl\u00e3 - CICIBAS","robots":{"index":"index","follow":"follow","max-snippet":"max-snippet:-1","max-image-preview":"max-image-preview:large","max-video-preview":"max-video-preview:-1"},"canonical":"https:\/\/greenyellow-wolf-371483.hostingersite.com\/en\/o-isla\/","og_locale":"en_US","og_type":"article","og_title":"O Isl\u00e3 - CICIBAS","og_description":"Religion \u00a0 \u00a0 \u00a0 \u00a0 \u00a0 \u00a0 \u00a0 \u00a0 \u00a0 \u00a0 \u00a0 \u00a0 \u00a0 \u00a0 \u00a0 \u00a0A Ar\u00e1bia Saudita ocupa [&hellip;]","og_url":"https:\/\/greenyellow-wolf-371483.hostingersite.com\/en\/o-isla\/","og_site_name":"CICIBAS","article_modified_time":"2025-08-25T20:22:04+00:00","twitter_card":"summary_large_image","twitter_misc":{"Est. reading time":"3 minutes"},"schema":{"@context":"https:\/\/schema.org","@graph":[{"@type":"WebPage","@id":"https:\/\/greenyellow-wolf-371483.hostingersite.com\/en\/o-isla\/","url":"https:\/\/greenyellow-wolf-371483.hostingersite.com\/en\/o-isla\/","name":"O Isl\u00e3 - CICIBAS","isPartOf":{"@id":"https:\/\/greenyellow-wolf-371483.hostingersite.com\/en\/#website"},"datePublished":"2025-02-09T17:43:05+00:00","dateModified":"2025-08-25T20:22:04+00:00","breadcrumb":{"@id":"https:\/\/greenyellow-wolf-371483.hostingersite.com\/en\/o-isla\/#breadcrumb"},"inLanguage":"en-US","potentialAction":[{"@type":"ReadAction","target":["https:\/\/greenyellow-wolf-371483.hostingersite.com\/en\/o-isla\/"]}]},{"@type":"BreadcrumbList","@id":"https:\/\/greenyellow-wolf-371483.hostingersite.com\/en\/o-isla\/#breadcrumb","itemListElement":[{"@type":"ListItem","position":1,"name":"Home","item":"https:\/\/greenyellow-wolf-371483.hostingersite.com\/en\/"},{"@type":"ListItem","position":2,"name":"O Isl\u00e3"}]},{"@type":"WebSite","@id":"https:\/\/greenyellow-wolf-371483.hostingersite.com\/en\/#website","url":"https:\/\/greenyellow-wolf-371483.hostingersite.com\/en\/","name":"CICIBAS - Centro de Investimento Com\u00e9rcio e Industria Brasil - Ar\u00e1bia Saudita","description":"","publisher":{"@id":"https:\/\/greenyellow-wolf-371483.hostingersite.com\/en\/#organization"},"potentialAction":[{"@type":"SearchAction","target":{"@type":"EntryPoint","urlTemplate":"https:\/\/greenyellow-wolf-371483.hostingersite.com\/en\/?s={search_term_string}"},"query-input":{"@type":"PropertyValueSpecification","valueRequired":true,"valueName":"search_term_string"}}],"inLanguage":"en-US"},{"@type":"Organization","@id":"https:\/\/greenyellow-wolf-371483.hostingersite.com\/en\/#organization","name":"CICIBAS - Centro de Investimento Com\u00e9rcio e Industria Brasil - Ar\u00e1bia Saudita","url":"https:\/\/greenyellow-wolf-371483.hostingersite.com\/en\/","logo":{"@type":"ImageObject","inLanguage":"en-US","@id":"https:\/\/greenyellow-wolf-371483.hostingersite.com\/en\/#\/schema\/logo\/image\/","url":"https:\/\/greenyellow-wolf-371483.hostingersite.com\/wp-content\/uploads\/2025\/06\/Logo-1-final-no-background-2.png","contentUrl":"https:\/\/greenyellow-wolf-371483.hostingersite.com\/wp-content\/uploads\/2025\/06\/Logo-1-final-no-background-2.png","width":300,"height":325,"caption":"CICIBAS - Centro de Investimento Com\u00e9rcio e Industria Brasil - Ar\u00e1bia Saudita"},"image":{"@id":"https:\/\/greenyellow-wolf-371483.hostingersite.com\/en\/#\/schema\/logo\/image\/"},"sameAs":["https:\/\/instagram.com\/@cicibas_br","https:\/\/www.linkedin.com\/company\/cicibas---centro-de-investimento-comrcio-e-industria-brasil---arbia-saudita"]}]}},"_links":{"self":[{"href":"https:\/\/greenyellow-wolf-371483.hostingersite.com\/en\/wp-json\/wp\/v2\/pages\/1373","targetHints":{"allow":["GET"]}}],"collection":[{"href":"https:\/\/greenyellow-wolf-371483.hostingersite.com\/en\/wp-json\/wp\/v2\/pages"}],"about":[{"href":"https:\/\/greenyellow-wolf-371483.hostingersite.com\/en\/wp-json\/wp\/v2\/types\/page"}],"author":[{"embeddable":true,"href":"https:\/\/greenyellow-wolf-371483.hostingersite.com\/en\/wp-json\/wp\/v2\/users\/1"}],"replies":[{"embeddable":true,"href":"https:\/\/greenyellow-wolf-371483.hostingersite.com\/en\/wp-json\/wp\/v2\/comments?post=1373"}],"version-history":[{"count":0,"href":"https:\/\/greenyellow-wolf-371483.hostingersite.com\/en\/wp-json\/wp\/v2\/pages\/1373\/revisions"}],"wp:attachment":[{"href":"https:\/\/greenyellow-wolf-371483.hostingersite.com\/en\/wp-json\/wp\/v2\/media?parent=1373"}],"curies":[{"name":"wp","href":"https:\/\/api.w.org\/{rel}","templated":true}]}}